{"id":1269,"date":"2021-09-27T20:20:42","date_gmt":"2021-09-27T18:20:42","guid":{"rendered":"http:\/\/chaiwala.pl\/?page_id=1269"},"modified":"2024-10-15T13:30:33","modified_gmt":"2024-10-15T11:30:33","slug":"menu","status":"publish","type":"page","link":"https:\/\/chaiwala.pl\/en\/menu\/","title":{"rendered":"Menu"},"content":{"rendered":"<div class=\"wpb-content-wrapper\"><div data-vc-full-width=\"true\" data-vc-full-width-temp=\"true\" data-vc-full-width-init=\"false\" data-vc-stretch-content=\"true\" class=\"vc_row wpb_row vc_row-fluid chaiwala-top wpb_animate_when_almost_visible wpb_fadeInUp fadeInUp vc_custom_1632769134147 vc_row-has-fill\"><div class=\"wpb_column vc_column_container vc_col-sm-12 sc_layouts_column_icons_position_left\"><div class=\"vc_column-inner\"><div class=\"wpb_wrapper\"><div class=\"vc_row wpb_row vc_inner vc_row-fluid\"><div class=\"wpb_column vc_column_container vc_col-sm-4 sc_layouts_column_icons_position_left\"><div class=\"vc_column-inner\"><div class=\"wpb_wrapper\"><\/div><\/div><\/div><div class=\"wpb_column vc_column_container vc_col-sm-4 sc_layouts_column_icons_position_left\"><div class=\"vc_column-inner\"><div class=\"wpb_wrapper\">\n\t<div  class=\"wpb_single_image wpb_content_element vc_align_center wpb_content_element\">\n\t\t\n\t\t<figure class=\"wpb_wrapper vc_figure\">\n\t\t\t<div class=\"vc_single_image-wrapper   vc_box_border_grey\"><img loading=\"lazy\" decoding=\"async\" width=\"1260\" height=\"945\" src=\"https:\/\/chaiwala.pl\/wp-content\/uploads\/2023\/04\/PAV-BHAJI.png\" class=\"vc_single_image-img attachment-full\" alt=\"\" title=\"_PAV BHAJI\" srcset=\"https:\/\/chaiwala.pl\/wp-content\/uploads\/2023\/04\/PAV-BHAJI.png 1260w, https:\/\/chaiwala.pl\/wp-content\/uploads\/2023\/04\/PAV-BHAJI-300x225.png 300w, https:\/\/chaiwala.pl\/wp-content\/uploads\/2023\/04\/PAV-BHAJI-1024x768.png 1024w, https:\/\/chaiwala.pl\/wp-content\/uploads\/2023\/04\/PAV-BHAJI-768x576.png 768w, https:\/\/chaiwala.pl\/wp-content\/uploads\/2023\/04\/PAV-BHAJI-16x12.png 16w, https:\/\/chaiwala.pl\/wp-content\/uploads\/2023\/04\/PAV-BHAJI-370x278.png 370w, https:\/\/chaiwala.pl\/wp-content\/uploads\/2023\/04\/PAV-BHAJI-760x570.png 760w, https:\/\/chaiwala.pl\/wp-content\/uploads\/2023\/04\/PAV-BHAJI-740x555.png 740w\" sizes=\"auto, (max-width: 1260px) 100vw, 1260px\" \/><\/div>\n\t\t<\/figure>\n\t<\/div>\n<\/div><\/div><\/div><div class=\"wpb_column vc_column_container vc_col-sm-4 sc_layouts_column_icons_position_left\"><div class=\"vc_column-inner\"><div class=\"wpb_wrapper\"><\/div><\/div><\/div><\/div><\/div><\/div><\/div><\/div><div class=\"vc_row-full-width vc_clearfix\"><\/div><div class=\"vc_row wpb_row vc_row-fluid wpb_animate_when_almost_visible wpb_fadeInUp fadeInUp vc_custom_1632768539897 vc_row-has-fill\"><div class=\"wpb_column vc_column_container vc_col-sm-12 sc_layouts_column_icons_position_left\"><div class=\"vc_column-inner\"><div class=\"wpb_wrapper\"><div class=\"vc_empty_space  height_large\"   style=\"height: 32px\"><span class=\"vc_empty_space_inner\"><\/span><\/div><div id=\"sc_title_520445637\"\r\n\t\tclass=\"sc_title color_style_default sc_title_default\"><h3 class=\"sc_item_title sc_title_title sc_align_center sc_item_title_style_default\">Our menu<\/h3><\/div><!-- \/.sc_title --><div class=\"vc_empty_space  height_large\"   style=\"height: 32px\"><span class=\"vc_empty_space_inner\"><\/span><\/div><div class=\"vc_row wpb_row vc_inner vc_row-fluid\"><div class=\"wpb_column vc_column_container vc_col-sm-2 sc_layouts_column_icons_position_left\"><div class=\"vc_column-inner\"><div class=\"wpb_wrapper\"><\/div><\/div><\/div><div class=\"wpb_column vc_column_container vc_col-sm-8 sc_layouts_column_icons_position_left\"><div class=\"vc_column-inner\"><div class=\"wpb_wrapper\">\n\t<div class=\"wpb_text_column wpb_content_element\" >\n\t\t<div class=\"wpb_wrapper\">\n\t\t\t<p style=\"text-align: center;\">Among the whispers and aromatic scents, you will taste North Indian snacks, sandwiches and sweets. They will be complemented by aromatic Indian tea spilled all over India by \"chaiwala\" <span lang=\"hi\">\u091a\u093e\u092f\u0935\u093e\u0932\u093e<\/span> that is street tea vendors. With us you will try its original taste with which millions of Hindus start their day. Explore our menu and plan a trip with friends through the flavors of Northern India today!<\/p>\n\n\t\t<\/div>\n\t<\/div>\n<\/div><\/div><\/div><div class=\"wpb_column vc_column_container vc_col-sm-2 sc_layouts_column_icons_position_left\"><div class=\"vc_column-inner\"><div class=\"wpb_wrapper\"><\/div><\/div><\/div><\/div><div class=\"vc_row wpb_row vc_inner vc_row-fluid\"><div class=\"wpb_column vc_column_container vc_col-sm-2 sc_layouts_column_icons_position_left\"><div class=\"vc_column-inner\"><div class=\"wpb_wrapper\"><\/div><\/div><\/div><div class=\"wpb_column vc_column_container vc_col-sm-8 sc_layouts_column_icons_position_left\"><div class=\"vc_column-inner\"><div class=\"wpb_wrapper\"><div class=\"vc_empty_space  height_large\"   style=\"height: 32px\"><span class=\"vc_empty_space_inner\"><\/span><\/div>\n\t<div  class=\"wpb_single_image wpb_content_element vc_align_left wpb_content_element\">\n\t\t\n\t\t<figure class=\"wpb_wrapper vc_figure\">\n\t\t\t<div class=\"vc_single_image-wrapper   vc_box_border_grey\"><img loading=\"lazy\" decoding=\"async\" width=\"1810\" height=\"2560\" src=\"https:\/\/chaiwala.pl\/wp-content\/uploads\/2024\/10\/chaiwala_menu-scaled.jpg\" class=\"vc_single_image-img attachment-full\" alt=\"\" title=\"chaiwala_menu\" srcset=\"https:\/\/chaiwala.pl\/wp-content\/uploads\/2024\/10\/chaiwala_menu-scaled.jpg 1810w, https:\/\/chaiwala.pl\/wp-content\/uploads\/2024\/10\/chaiwala_menu-212x300.jpg 212w, https:\/\/chaiwala.pl\/wp-content\/uploads\/2024\/10\/chaiwala_menu-724x1024.jpg 724w, https:\/\/chaiwala.pl\/wp-content\/uploads\/2024\/10\/chaiwala_menu-768x1086.jpg 768w, https:\/\/chaiwala.pl\/wp-content\/uploads\/2024\/10\/chaiwala_menu-1086x1536.jpg 1086w, https:\/\/chaiwala.pl\/wp-content\/uploads\/2024\/10\/chaiwala_menu-1448x2048.jpg 1448w, https:\/\/chaiwala.pl\/wp-content\/uploads\/2024\/10\/chaiwala_menu-8x12.jpg 8w, https:\/\/chaiwala.pl\/wp-content\/uploads\/2024\/10\/chaiwala_menu-370x523.jpg 370w, https:\/\/chaiwala.pl\/wp-content\/uploads\/2024\/10\/chaiwala_menu-760x1075.jpg 760w, https:\/\/chaiwala.pl\/wp-content\/uploads\/2024\/10\/chaiwala_menu-1520x2149.jpg 1520w, https:\/\/chaiwala.pl\/wp-content\/uploads\/2024\/10\/chaiwala_menu-740x1046.jpg 740w\" sizes=\"auto, (max-width: 1810px) 100vw, 1810px\" \/><\/div>\n\t\t<\/figure>\n\t<\/div>\n\n\t<div  class=\"wpb_single_image wpb_content_element vc_align_left wpb_content_element\">\n\t\t\n\t\t<figure class=\"wpb_wrapper vc_figure\">\n\t\t\t<div class=\"vc_single_image-wrapper   vc_box_border_grey\"><img loading=\"lazy\" decoding=\"async\" width=\"1810\" height=\"2560\" src=\"https:\/\/chaiwala.pl\/wp-content\/uploads\/2024\/10\/chaiwala_menu2-scaled.jpg\" class=\"vc_single_image-img attachment-full\" alt=\"\" title=\"chaiwala_menu2\" srcset=\"https:\/\/chaiwala.pl\/wp-content\/uploads\/2024\/10\/chaiwala_menu2-scaled.jpg 1810w, https:\/\/chaiwala.pl\/wp-content\/uploads\/2024\/10\/chaiwala_menu2-212x300.jpg 212w, https:\/\/chaiwala.pl\/wp-content\/uploads\/2024\/10\/chaiwala_menu2-724x1024.jpg 724w, https:\/\/chaiwala.pl\/wp-content\/uploads\/2024\/10\/chaiwala_menu2-768x1086.jpg 768w, https:\/\/chaiwala.pl\/wp-content\/uploads\/2024\/10\/chaiwala_menu2-1086x1536.jpg 1086w, https:\/\/chaiwala.pl\/wp-content\/uploads\/2024\/10\/chaiwala_menu2-1448x2048.jpg 1448w, https:\/\/chaiwala.pl\/wp-content\/uploads\/2024\/10\/chaiwala_menu2-8x12.jpg 8w, https:\/\/chaiwala.pl\/wp-content\/uploads\/2024\/10\/chaiwala_menu2-370x523.jpg 370w, https:\/\/chaiwala.pl\/wp-content\/uploads\/2024\/10\/chaiwala_menu2-760x1075.jpg 760w, https:\/\/chaiwala.pl\/wp-content\/uploads\/2024\/10\/chaiwala_menu2-1520x2149.jpg 1520w, https:\/\/chaiwala.pl\/wp-content\/uploads\/2024\/10\/chaiwala_menu2-740x1046.jpg 740w\" sizes=\"auto, (max-width: 1810px) 100vw, 1810px\" \/><\/div>\n\t\t<\/figure>\n\t<\/div>\n<div class=\"vc_empty_space  height_large\"   style=\"height: 32px\"><span class=\"vc_empty_space_inner\"><\/span><\/div>\n\t<div  class=\"wpb_single_image wpb_content_element vc_align_left wpb_content_element\">\n\t\t\n\t\t<figure class=\"wpb_wrapper vc_figure\">\n\t\t\t<div class=\"vc_single_image-wrapper   vc_box_border_grey\"><img loading=\"lazy\" decoding=\"async\" width=\"1810\" height=\"2560\" src=\"https:\/\/chaiwala.pl\/wp-content\/uploads\/2024\/10\/mithaiwala_menu-scaled.jpg\" class=\"vc_single_image-img attachment-full\" alt=\"\" title=\"mithaiwala_menu\" srcset=\"https:\/\/chaiwala.pl\/wp-content\/uploads\/2024\/10\/mithaiwala_menu-scaled.jpg 1810w, https:\/\/chaiwala.pl\/wp-content\/uploads\/2024\/10\/mithaiwala_menu-212x300.jpg 212w, https:\/\/chaiwala.pl\/wp-content\/uploads\/2024\/10\/mithaiwala_menu-724x1024.jpg 724w, https:\/\/chaiwala.pl\/wp-content\/uploads\/2024\/10\/mithaiwala_menu-768x1086.jpg 768w, https:\/\/chaiwala.pl\/wp-content\/uploads\/2024\/10\/mithaiwala_menu-1086x1536.jpg 1086w, https:\/\/chaiwala.pl\/wp-content\/uploads\/2024\/10\/mithaiwala_menu-1448x2048.jpg 1448w, https:\/\/chaiwala.pl\/wp-content\/uploads\/2024\/10\/mithaiwala_menu-8x12.jpg 8w, https:\/\/chaiwala.pl\/wp-content\/uploads\/2024\/10\/mithaiwala_menu-370x523.jpg 370w, https:\/\/chaiwala.pl\/wp-content\/uploads\/2024\/10\/mithaiwala_menu-760x1075.jpg 760w, https:\/\/chaiwala.pl\/wp-content\/uploads\/2024\/10\/mithaiwala_menu-1520x2149.jpg 1520w, https:\/\/chaiwala.pl\/wp-content\/uploads\/2024\/10\/mithaiwala_menu-740x1046.jpg 740w\" sizes=\"auto, (max-width: 1810px) 100vw, 1810px\" \/><\/div>\n\t\t<\/figure>\n\t<\/div>\n\n\t<div  class=\"wpb_single_image wpb_content_element vc_align_left wpb_content_element\">\n\t\t\n\t\t<figure class=\"wpb_wrapper vc_figure\">\n\t\t\t<div class=\"vc_single_image-wrapper   vc_box_border_grey\"><img loading=\"lazy\" decoding=\"async\" width=\"1810\" height=\"2560\" src=\"https:\/\/chaiwala.pl\/wp-content\/uploads\/2024\/10\/mithaiwala_menu2-scaled.jpg\" class=\"vc_single_image-img attachment-full\" alt=\"\" title=\"mithaiwala_menu2\" srcset=\"https:\/\/chaiwala.pl\/wp-content\/uploads\/2024\/10\/mithaiwala_menu2-scaled.jpg 1810w, https:\/\/chaiwala.pl\/wp-content\/uploads\/2024\/10\/mithaiwala_menu2-212x300.jpg 212w, https:\/\/chaiwala.pl\/wp-content\/uploads\/2024\/10\/mithaiwala_menu2-724x1024.jpg 724w, https:\/\/chaiwala.pl\/wp-content\/uploads\/2024\/10\/mithaiwala_menu2-768x1086.jpg 768w, https:\/\/chaiwala.pl\/wp-content\/uploads\/2024\/10\/mithaiwala_menu2-1086x1536.jpg 1086w, https:\/\/chaiwala.pl\/wp-content\/uploads\/2024\/10\/mithaiwala_menu2-1448x2048.jpg 1448w, https:\/\/chaiwala.pl\/wp-content\/uploads\/2024\/10\/mithaiwala_menu2-8x12.jpg 8w, https:\/\/chaiwala.pl\/wp-content\/uploads\/2024\/10\/mithaiwala_menu2-370x523.jpg 370w, https:\/\/chaiwala.pl\/wp-content\/uploads\/2024\/10\/mithaiwala_menu2-760x1075.jpg 760w, https:\/\/chaiwala.pl\/wp-content\/uploads\/2024\/10\/mithaiwala_menu2-1520x2149.jpg 1520w, https:\/\/chaiwala.pl\/wp-content\/uploads\/2024\/10\/mithaiwala_menu2-740x1046.jpg 740w\" sizes=\"auto, (max-width: 1810px) 100vw, 1810px\" \/><\/div>\n\t\t<\/figure>\n\t<\/div>\n<\/div><\/div><\/div><div class=\"wpb_column vc_column_container vc_col-sm-2 sc_layouts_column_icons_position_left\"><div class=\"vc_column-inner\"><div class=\"wpb_wrapper\"><\/div><\/div><\/div><\/div><div class=\"vc_row wpb_row vc_inner vc_row-fluid vc_custom_1632757206828 vc_row-has-fill\"><div class=\"wpb_column vc_column_container vc_col-sm-3 sc_layouts_column_icons_position_left\"><div class=\"vc_column-inner\"><div class=\"wpb_wrapper\"><\/div><\/div><\/div><div class=\"wpb_column vc_column_container vc_col-sm-6 sc_layouts_column_icons_position_left\"><div class=\"vc_column-inner\"><div class=\"wpb_wrapper\">\n\t<div  class=\"wpb_single_image wpb_content_element vc_align_center wpb_content_element\">\n\t\t\n\t\t<figure class=\"wpb_wrapper vc_figure\">\n\t\t\t<div class=\"vc_single_image-wrapper   vc_box_border_grey\"><img loading=\"lazy\" decoding=\"async\" width=\"1260\" height=\"945\" src=\"https:\/\/chaiwala.pl\/wp-content\/uploads\/2023\/04\/CHEESE-VADA-PAV.png\" class=\"vc_single_image-img attachment-full\" alt=\"\" title=\"_CHEESE VADA PAV\" srcset=\"https:\/\/chaiwala.pl\/wp-content\/uploads\/2023\/04\/CHEESE-VADA-PAV.png 1260w, https:\/\/chaiwala.pl\/wp-content\/uploads\/2023\/04\/CHEESE-VADA-PAV-300x225.png 300w, https:\/\/chaiwala.pl\/wp-content\/uploads\/2023\/04\/CHEESE-VADA-PAV-1024x768.png 1024w, https:\/\/chaiwala.pl\/wp-content\/uploads\/2023\/04\/CHEESE-VADA-PAV-768x576.png 768w, https:\/\/chaiwala.pl\/wp-content\/uploads\/2023\/04\/CHEESE-VADA-PAV-16x12.png 16w, https:\/\/chaiwala.pl\/wp-content\/uploads\/2023\/04\/CHEESE-VADA-PAV-370x278.png 370w, https:\/\/chaiwala.pl\/wp-content\/uploads\/2023\/04\/CHEESE-VADA-PAV-760x570.png 760w, https:\/\/chaiwala.pl\/wp-content\/uploads\/2023\/04\/CHEESE-VADA-PAV-740x555.png 740w\" sizes=\"auto, (max-width: 1260px) 100vw, 1260px\" \/><\/div>\n\t\t<\/figure>\n\t<\/div>\n<div class=\"vc_empty_space  vc_custom_1632761566625 height_small\"   style=\"height: 32px\"><span class=\"vc_empty_space_inner\"><\/span><\/div>\n\t<div class=\"wpb_text_column wpb_content_element\" >\n\t\t<div class=\"wpb_wrapper\">\n\t\t\t<p style=\"text-align: center;\">Ogrodowa 1a str. loc. 5U-68<br \/>\n<span class=\"desktop-title-subcontent\">00-867<\/span> Warsaw<\/p>\n<p style=\"text-align: center;\"><strong>+48 797 060 622<\/strong><br \/>\n<strong>+48 797 116 900<\/strong><\/p>\n<p style=\"text-align: center;\">Monday<br \/>\n15:00 &#8211; 22.00<br \/>\nTuesday - Sunday<br \/>\n09.30 &#8211; 22.00<\/p>\n\n\t\t<\/div>\n\t<\/div>\n<div class=\"vc_empty_space  vc_custom_1632767235699 height_small\"   style=\"height: 32px\"><span class=\"vc_empty_space_inner\"><\/span><\/div><\/div><\/div><\/div><div class=\"wpb_column vc_column_container vc_col-sm-3 sc_layouts_column_icons_position_left\"><div class=\"vc_column-inner\"><div class=\"wpb_wrapper\"><\/div><\/div><\/div><\/div><\/div><\/div><\/div><\/div>\n<\/div>","protected":false},"excerpt":{"rendered":"Nasze menu W\u015br\u00f3d szept\u00f3w i aromatycznych zapach\u00f3w, skosztujesz u nas p\u00f3\u0142nocno-indyjskich przek\u0105sek, kanapek oraz s\u0142odyczy. Dope\u0142ni je aromatyczna, indyjska herbata rozlewana w ca\u0142ych Indiach przez \"chaiwala\" \u091a\u093e\u092f\u0935\u093e\u0932\u093e , czyli ulicznych sprzedawc\u00f3w herbaty. U nas spr\u00f3bujesz jej oryginalnego smaku z kt\u00f3rym miliony Hindus\u00f3w rozpoczynaj\u0105 sw\u00f3j dzie\u0144. Poznaj nasze menu i ju\u017c&hellip;","protected":false},"author":1,"featured_media":0,"parent":0,"menu_order":0,"comment_status":"closed","ping_status":"open","template":"","meta":{"footnotes":""},"class_list":["post-1269","page","type-page","status-publish","hentry"],"yoast_head":"<!-- This site is optimized with the Yoast SEO plugin v25.3 - https:\/\/yoast.com\/wordpress\/plugins\/seo\/ -->\n<title>Zobacz menu - Chaiwala Kawiarnia Indyjska Warszawa | Indian Street Food<\/title>\n<meta name=\"description\" content=\"To pe\u0142ne oryginalno\u015bci i ekscytuj\u0105cych pyszno\u015bci miejsce gdzie spr\u00f3bujesz oryginalnych indyjskich przek\u0105sek street food.\" \/>\n<meta name=\"robots\" content=\"index, follow, max-snippet:-1, max-image-preview:large, max-video-preview:-1\" \/>\n<link rel=\"canonical\" href=\"https:\/\/chaiwala.pl\/en\/menu\/\" \/>\n<meta property=\"og:locale\" content=\"en_US\" \/>\n<meta property=\"og:type\" content=\"article\" \/>\n<meta property=\"og:title\" content=\"Zobacz menu - Chaiwala Kawiarnia Indyjska Warszawa | Indian Street Food\" \/>\n<meta property=\"og:description\" content=\"To pe\u0142ne oryginalno\u015bci i ekscytuj\u0105cych pyszno\u015bci miejsce gdzie spr\u00f3bujesz oryginalnych indyjskich przek\u0105sek street food.\" \/>\n<meta property=\"og:url\" content=\"https:\/\/chaiwala.pl\/en\/menu\/\" \/>\n<meta property=\"og:site_name\" content=\"Chaiwala - Kawiarnia Indyjska w Warszawie\" \/>\n<meta property=\"article:modified_time\" content=\"2024-10-15T11:30:33+00:00\" \/>\n<meta name=\"twitter:card\" content=\"summary_large_image\" \/>\n<meta name=\"twitter:label1\" content=\"Est. reading time\" \/>\n\t<meta name=\"twitter:data1\" content=\"3 minutes\" \/>\n<script type=\"application\/ld+json\" class=\"yoast-schema-graph\">{\"@context\":\"https:\/\/schema.org\",\"@graph\":[{\"@type\":\"WebPage\",\"@id\":\"https:\/\/chaiwala.pl\/menu\/\",\"url\":\"https:\/\/chaiwala.pl\/menu\/\",\"name\":\"Zobacz menu - Chaiwala Kawiarnia Indyjska Warszawa | Indian Street Food\",\"isPartOf\":{\"@id\":\"https:\/\/chaiwala.pl\/#website\"},\"datePublished\":\"2021-09-27T18:20:42+00:00\",\"dateModified\":\"2024-10-15T11:30:33+00:00\",\"description\":\"To pe\u0142ne oryginalno\u015bci i ekscytuj\u0105cych pyszno\u015bci miejsce gdzie spr\u00f3bujesz oryginalnych indyjskich przek\u0105sek street food.\",\"breadcrumb\":{\"@id\":\"https:\/\/chaiwala.pl\/menu\/#breadcrumb\"},\"inLanguage\":\"en-US\",\"potentialAction\":[{\"@type\":\"ReadAction\",\"target\":[\"https:\/\/chaiwala.pl\/menu\/\"]}]},{\"@type\":\"BreadcrumbList\",\"@id\":\"https:\/\/chaiwala.pl\/menu\/#breadcrumb\",\"itemListElement\":[{\"@type\":\"ListItem\",\"position\":1,\"name\":\"Strona g\u0142\u00f3wna\",\"item\":\"https:\/\/chaiwala.pl\/\"},{\"@type\":\"ListItem\",\"position\":2,\"name\":\"Menu\"}]},{\"@type\":\"WebSite\",\"@id\":\"https:\/\/chaiwala.pl\/#website\",\"url\":\"https:\/\/chaiwala.pl\/\",\"name\":\"Chaiwala - Kawiarnia Indyjska w Warszawie\",\"description\":\"\",\"publisher\":{\"@id\":\"https:\/\/chaiwala.pl\/#organization\"},\"potentialAction\":[{\"@type\":\"SearchAction\",\"target\":{\"@type\":\"EntryPoint\",\"urlTemplate\":\"https:\/\/chaiwala.pl\/?s={search_term_string}\"},\"query-input\":{\"@type\":\"PropertyValueSpecification\",\"valueRequired\":true,\"valueName\":\"search_term_string\"}}],\"inLanguage\":\"en-US\"},{\"@type\":\"Organization\",\"@id\":\"https:\/\/chaiwala.pl\/#organization\",\"name\":\"Chaiwala - Kawiarnia Indyjska w Warszawie\",\"url\":\"https:\/\/chaiwala.pl\/\",\"logo\":{\"@type\":\"ImageObject\",\"inLanguage\":\"en-US\",\"@id\":\"https:\/\/chaiwala.pl\/#\/schema\/logo\/image\/\",\"url\":\"https:\/\/chaiwala.pl\/wp-content\/uploads\/2021\/09\/chaiwala.png\",\"contentUrl\":\"https:\/\/chaiwala.pl\/wp-content\/uploads\/2021\/09\/chaiwala.png\",\"width\":900,\"height\":241,\"caption\":\"Chaiwala - Kawiarnia Indyjska w Warszawie\"},\"image\":{\"@id\":\"https:\/\/chaiwala.pl\/#\/schema\/logo\/image\/\"}}]}<\/script>\n<!-- \/ Yoast SEO plugin. -->","yoast_head_json":{"title":"Zobacz menu - Chaiwala Kawiarnia Indyjska Warszawa | Indian Street Food","description":"To pe\u0142ne oryginalno\u015bci i ekscytuj\u0105cych pyszno\u015bci miejsce gdzie spr\u00f3bujesz oryginalnych indyjskich przek\u0105sek street food.","robots":{"index":"index","follow":"follow","max-snippet":"max-snippet:-1","max-image-preview":"max-image-preview:large","max-video-preview":"max-video-preview:-1"},"canonical":"https:\/\/chaiwala.pl\/en\/menu\/","og_locale":"en_US","og_type":"article","og_title":"Zobacz menu - Chaiwala Kawiarnia Indyjska Warszawa | Indian Street Food","og_description":"To pe\u0142ne oryginalno\u015bci i ekscytuj\u0105cych pyszno\u015bci miejsce gdzie spr\u00f3bujesz oryginalnych indyjskich przek\u0105sek street food.","og_url":"https:\/\/chaiwala.pl\/en\/menu\/","og_site_name":"Chaiwala - Kawiarnia Indyjska w Warszawie","article_modified_time":"2024-10-15T11:30:33+00:00","twitter_card":"summary_large_image","twitter_misc":{"Est. reading time":"3 minutes"},"schema":{"@context":"https:\/\/schema.org","@graph":[{"@type":"WebPage","@id":"https:\/\/chaiwala.pl\/menu\/","url":"https:\/\/chaiwala.pl\/menu\/","name":"Zobacz menu - Chaiwala Kawiarnia Indyjska Warszawa | Indian Street Food","isPartOf":{"@id":"https:\/\/chaiwala.pl\/#website"},"datePublished":"2021-09-27T18:20:42+00:00","dateModified":"2024-10-15T11:30:33+00:00","description":"To pe\u0142ne oryginalno\u015bci i ekscytuj\u0105cych pyszno\u015bci miejsce gdzie spr\u00f3bujesz oryginalnych indyjskich przek\u0105sek street food.","breadcrumb":{"@id":"https:\/\/chaiwala.pl\/menu\/#breadcrumb"},"inLanguage":"en-US","potentialAction":[{"@type":"ReadAction","target":["https:\/\/chaiwala.pl\/menu\/"]}]},{"@type":"BreadcrumbList","@id":"https:\/\/chaiwala.pl\/menu\/#breadcrumb","itemListElement":[{"@type":"ListItem","position":1,"name":"Strona g\u0142\u00f3wna","item":"https:\/\/chaiwala.pl\/"},{"@type":"ListItem","position":2,"name":"Menu"}]},{"@type":"WebSite","@id":"https:\/\/chaiwala.pl\/#website","url":"https:\/\/chaiwala.pl\/","name":"Chaiwala - Kawiarnia Indyjska w Warszawie","description":"","publisher":{"@id":"https:\/\/chaiwala.pl\/#organization"},"potentialAction":[{"@type":"SearchAction","target":{"@type":"EntryPoint","urlTemplate":"https:\/\/chaiwala.pl\/?s={search_term_string}"},"query-input":{"@type":"PropertyValueSpecification","valueRequired":true,"valueName":"search_term_string"}}],"inLanguage":"en-US"},{"@type":"Organization","@id":"https:\/\/chaiwala.pl\/#organization","name":"Chaiwala - Kawiarnia Indyjska w Warszawie","url":"https:\/\/chaiwala.pl\/","logo":{"@type":"ImageObject","inLanguage":"en-US","@id":"https:\/\/chaiwala.pl\/#\/schema\/logo\/image\/","url":"https:\/\/chaiwala.pl\/wp-content\/uploads\/2021\/09\/chaiwala.png","contentUrl":"https:\/\/chaiwala.pl\/wp-content\/uploads\/2021\/09\/chaiwala.png","width":900,"height":241,"caption":"Chaiwala - Kawiarnia Indyjska w Warszawie"},"image":{"@id":"https:\/\/chaiwala.pl\/#\/schema\/logo\/image\/"}}]}},"_links":{"self":[{"href":"https:\/\/chaiwala.pl\/en\/wp-json\/wp\/v2\/pages\/1269","targetHints":{"allow":["GET"]}}],"collection":[{"href":"https:\/\/chaiwala.pl\/en\/wp-json\/wp\/v2\/pages"}],"about":[{"href":"https:\/\/chaiwala.pl\/en\/wp-json\/wp\/v2\/types\/page"}],"author":[{"embeddable":true,"href":"https:\/\/chaiwala.pl\/en\/wp-json\/wp\/v2\/users\/1"}],"replies":[{"embeddable":true,"href":"https:\/\/chaiwala.pl\/en\/wp-json\/wp\/v2\/comments?post=1269"}],"version-history":[{"count":2,"href":"https:\/\/chaiwala.pl\/en\/wp-json\/wp\/v2\/pages\/1269\/revisions"}],"predecessor-version":[{"id":1510,"href":"https:\/\/chaiwala.pl\/en\/wp-json\/wp\/v2\/pages\/1269\/revisions\/1510"}],"wp:attachment":[{"href":"https:\/\/chaiwala.pl\/en\/wp-json\/wp\/v2\/media?parent=1269"}],"curies":[{"name":"wp","href":"https:\/\/api.w.org\/{rel}","templated":true}]}}