{"id":1281,"date":"2021-09-27T20:30:32","date_gmt":"2021-09-27T18:30:32","guid":{"rendered":"http:\/\/chaiwala.pl\/?page_id=1281"},"modified":"2024-10-15T13:55:09","modified_gmt":"2024-10-15T11:55:09","slug":"order","status":"publish","type":"page","link":"https:\/\/chaiwala.pl\/en\/order\/","title":{"rendered":"Order online"},"content":{"rendered":"<div class=\"wpb-content-wrapper\"><div data-vc-full-width=\"true\" data-vc-full-width-temp=\"true\" data-vc-full-width-init=\"false\" data-vc-stretch-content=\"true\" class=\"vc_row wpb_row vc_row-fluid chaiwala-top wpb_animate_when_almost_visible wpb_fadeInUp fadeInUp vc_custom_1632769141627 vc_row-has-fill\"><div class=\"wpb_column vc_column_container vc_col-sm-12 sc_layouts_column_icons_position_left\"><div class=\"vc_column-inner\"><div class=\"wpb_wrapper\"><div class=\"vc_row wpb_row vc_inner vc_row-fluid\"><div class=\"wpb_column vc_column_container vc_col-sm-4 sc_layouts_column_icons_position_left\"><div class=\"vc_column-inner\"><div class=\"wpb_wrapper\"><\/div><\/div><\/div><div class=\"wpb_column vc_column_container vc_col-sm-4 sc_layouts_column_icons_position_left\"><div class=\"vc_column-inner\"><div class=\"wpb_wrapper\">\n\t<div  class=\"wpb_single_image wpb_content_element vc_align_center wpb_content_element\">\n\t\t\n\t\t<figure class=\"wpb_wrapper vc_figure\">\n\t\t\t<div class=\"vc_single_image-wrapper   vc_box_border_grey\"><img loading=\"lazy\" decoding=\"async\" width=\"1260\" height=\"945\" src=\"https:\/\/chaiwala.pl\/wp-content\/uploads\/2023\/04\/THEPLA.png\" class=\"vc_single_image-img attachment-full\" alt=\"\" title=\"_THEPLA\" srcset=\"https:\/\/chaiwala.pl\/wp-content\/uploads\/2023\/04\/THEPLA.png 1260w, https:\/\/chaiwala.pl\/wp-content\/uploads\/2023\/04\/THEPLA-300x225.png 300w, https:\/\/chaiwala.pl\/wp-content\/uploads\/2023\/04\/THEPLA-1024x768.png 1024w, https:\/\/chaiwala.pl\/wp-content\/uploads\/2023\/04\/THEPLA-768x576.png 768w, https:\/\/chaiwala.pl\/wp-content\/uploads\/2023\/04\/THEPLA-16x12.png 16w, https:\/\/chaiwala.pl\/wp-content\/uploads\/2023\/04\/THEPLA-370x278.png 370w, https:\/\/chaiwala.pl\/wp-content\/uploads\/2023\/04\/THEPLA-760x570.png 760w, https:\/\/chaiwala.pl\/wp-content\/uploads\/2023\/04\/THEPLA-740x555.png 740w\" sizes=\"auto, (max-width: 1260px) 100vw, 1260px\" \/><\/div>\n\t\t<\/figure>\n\t<\/div>\n<\/div><\/div><\/div><div class=\"wpb_column vc_column_container vc_col-sm-4 sc_layouts_column_icons_position_left\"><div class=\"vc_column-inner\"><div class=\"wpb_wrapper\"><\/div><\/div><\/div><\/div><\/div><\/div><\/div><\/div><div class=\"vc_row-full-width vc_clearfix\"><\/div><div data-vc-full-width=\"true\" data-vc-full-width-temp=\"true\" data-vc-full-width-init=\"false\" data-vc-stretch-content=\"true\" class=\"vc_row wpb_row vc_row-fluid welcome_section wpb_animate_when_almost_visible wpb_fadeInUp fadeInUp vc_custom_1632768581310 vc_row-has-fill vc_row-no-padding\"><div class=\"wpb_column vc_column_container vc_col-sm-3 sc_layouts_column_icons_position_left\"><div class=\"vc_column-inner\"><div class=\"wpb_wrapper\"><\/div><\/div><\/div><div class=\"wpb_column vc_column_container vc_col-sm-6 sc_layouts_column_icons_position_left\"><div class=\"vc_column-inner\"><div class=\"wpb_wrapper\"><div class=\"vc_empty_space  vc_custom_1712311933812 height_small\"   style=\"height: 35px\"><span class=\"vc_empty_space_inner\"><\/span><\/div><div id=\"sc_content_2026612287\"\r\n\t\tclass=\"sc_content color_style_default sc_content_default sc_float_center\"><div class=\"sc_content_container\"><div id=\"sc_title_1209359291\"\r\n\t\tclass=\"sc_title color_style_default sc_title_default\"><h3 class=\"sc_item_title sc_title_title sc_align_center sc_item_title_style_default\">Order online<\/h3><\/div><!-- \/.sc_title --><div class=\"vc_empty_space  vc_custom_1515770101989 height_small\"   style=\"height: 32px\"><span class=\"vc_empty_space_inner\"><\/span><\/div><div class=\"vc_row wpb_row vc_inner vc_row-fluid button-new\"><div class=\"wpb_column vc_column_container vc_col-sm-12 sc_layouts_column_icons_position_left\"><div class=\"vc_column-inner\"><div class=\"wpb_wrapper\">\n\t<div class=\"wpb_text_column wpb_content_element\" >\n\t\t<div class=\"wpb_wrapper\">\n\t\t\t<div class=\"box box-order\">\n<p class=\"h-line h-line-orange\" style=\"text-align: center;\">We fulfill orders from 11:00 to 22:00, 7 days a week!<\/p>\n<\/div>\n\n\t\t<\/div>\n\t<\/div>\n<div class=\"sc_item_button sc_button_wrap sc_align_center\"><a href=\"https:\/\/www.pyszne.pl\/menu\/chaiwala-indian-street-food-warszawa\" id=\"sc_button_439554931\" class=\"sc_button color_style_default sc_button_default btn-a1  vc_custom_1712312174392 sc_button_size_normal sc_button_with_icon sc_button_icon_left\" target=\"_blank\"><span class=\"sc_button_icon\"><span class=\"icon-right\"><\/span><\/span><span class=\"sc_button_text sc_align_center\"><span class=\"sc_button_title\">Order with delivery via Pyszne.pl<\/span><\/span><!-- \/.sc_button_text --><\/a><!-- \/.sc_button --><\/div><!-- \/.sc_item_button --><div class=\"sc_item_button sc_button_wrap sc_align_center\"><a href=\"https:\/\/www.ubereats.com\/pl\/store\/chaiwala\/tD9j85mmV_yVLmBnZXTyrA\" id=\"sc_button_773904532\" class=\"sc_button color_style_default sc_button_default btn-a2  vc_custom_1712312182609 sc_button_size_normal sc_button_with_icon sc_button_icon_left\" target=\"_blank\"><span class=\"sc_button_icon\"><span class=\"icon-right\"><\/span><\/span><span class=\"sc_button_text sc_align_center\"><span class=\"sc_button_title\">Order with delivery on Uber Eats<\/span><\/span><!-- \/.sc_button_text --><\/a><!-- \/.sc_button --><\/div><!-- \/.sc_item_button --><div class=\"sc_item_button sc_button_wrap sc_align_center\"><a href=\"https:\/\/food.bolt.eu\/en-US\/307-warsaw\/p\/34542-chaiwala\" id=\"sc_button_672206908\" class=\"sc_button color_style_default sc_button_default btn-a3  vc_custom_1728993066239 sc_button_size_normal sc_button_with_icon sc_button_icon_left\" target=\"_blank\"><span class=\"sc_button_icon\"><span class=\"icon-right\"><\/span><\/span><span class=\"sc_button_text sc_align_center\"><span class=\"sc_button_title\">Order with delivery on Bolt<\/span><\/span><!-- \/.sc_button_text --><\/a><!-- \/.sc_button --><\/div><!-- \/.sc_item_button --><div class=\"sc_item_button sc_button_wrap sc_align_center\"><a href=\"https:\/\/glovoapp.com\/pl\/pl\/warszawa\/chaiwala\/?utm_campaign=maplinks&#038;utm_medium=organic&#038;utm_source=googlemaps\" id=\"sc_button_1292812068\" class=\"sc_button color_style_default sc_button_default btn-a3  vc_custom_1728993307054 sc_button_size_normal sc_button_with_icon sc_button_icon_left\" target=\"_blank\"><span class=\"sc_button_icon\"><span class=\"icon-right\"><\/span><\/span><span class=\"sc_button_text sc_align_center\"><span class=\"sc_button_title\">Order with delivery on Glovo<\/span><\/span><!-- \/.sc_button_text --><\/a><!-- \/.sc_button --><\/div><!-- \/.sc_item_button --><div class=\"sc_item_button sc_button_wrap sc_align_center\"><a href=\"https:\/\/wolt.com\/pl\/pol\/warsaw\/restaurant\/chaiwala-street-food-india?srsltid=AfmBOorPXKDvlKqx0WfH0Pj9mQgyYSIWobdjrhHlQ1WhzblqtvnMHEoZ\" id=\"sc_button_716098115\" class=\"sc_button color_style_default sc_button_default btn-a3  vc_custom_1728992998524 sc_button_size_normal sc_button_with_icon sc_button_icon_left\" target=\"_blank\"><span class=\"sc_button_icon\"><span class=\"icon-right\"><\/span><\/span><span class=\"sc_button_text sc_align_center\"><span class=\"sc_button_title\">Order with delivery on Wolt<\/span><\/span><!-- \/.sc_button_text --><\/a><!-- \/.sc_button --><\/div><!-- \/.sc_item_button --><\/div><\/div><\/div><\/div>\n\t<div  class=\"wpb_single_image wpb_content_element vc_align_center wpb_content_element\">\n\t\t\n\t\t<figure class=\"wpb_wrapper vc_figure\">\n\t\t\t<div class=\"vc_single_image-wrapper   vc_box_border_grey\"><img loading=\"lazy\" decoding=\"async\" width=\"1260\" height=\"945\" src=\"https:\/\/chaiwala.pl\/wp-content\/uploads\/2023\/04\/BREAD-PAKORA.png\" class=\"vc_single_image-img attachment-full\" alt=\"\" title=\"_BREAD PAKORA\" srcset=\"https:\/\/chaiwala.pl\/wp-content\/uploads\/2023\/04\/BREAD-PAKORA.png 1260w, https:\/\/chaiwala.pl\/wp-content\/uploads\/2023\/04\/BREAD-PAKORA-300x225.png 300w, https:\/\/chaiwala.pl\/wp-content\/uploads\/2023\/04\/BREAD-PAKORA-1024x768.png 1024w, https:\/\/chaiwala.pl\/wp-content\/uploads\/2023\/04\/BREAD-PAKORA-768x576.png 768w, https:\/\/chaiwala.pl\/wp-content\/uploads\/2023\/04\/BREAD-PAKORA-16x12.png 16w, https:\/\/chaiwala.pl\/wp-content\/uploads\/2023\/04\/BREAD-PAKORA-370x278.png 370w, https:\/\/chaiwala.pl\/wp-content\/uploads\/2023\/04\/BREAD-PAKORA-760x570.png 760w, https:\/\/chaiwala.pl\/wp-content\/uploads\/2023\/04\/BREAD-PAKORA-740x555.png 740w\" sizes=\"auto, (max-width: 1260px) 100vw, 1260px\" \/><\/div>\n\t\t<\/figure>\n\t<\/div>\n<div class=\"vc_empty_space  vc_custom_1515770101989 height_small\"   style=\"height: 32px\"><span class=\"vc_empty_space_inner\"><\/span><\/div><\/div><\/div><!-- \/.sc_content --><\/div><\/div><\/div><div class=\"wpb_column vc_column_container vc_col-sm-3 sc_layouts_column_icons_position_left\"><div class=\"vc_column-inner\"><div class=\"wpb_wrapper\"><\/div><\/div><\/div><\/div><div class=\"vc_row-full-width vc_clearfix\"><\/div>\n<\/div>","protected":false},"excerpt":{"rendered":"Zam\u00f3w online Zam\u00f3wienia realizujemy w godzinach 09.30 - 22:00 przez 7 dni w tygodniu! Zam\u00f3w z dostaw\u0105 na Pyszne.plZam\u00f3w z dostaw\u0105 na Uber EatsZam\u00f3w z dostaw\u0105 na BoltZam\u00f3w z dostaw\u0105 na GlovoZam\u00f3w z dostaw\u0105 na Wolt","protected":false},"author":1,"featured_media":0,"parent":0,"menu_order":0,"comment_status":"closed","ping_status":"open","template":"","meta":{"footnotes":""},"class_list":["post-1281","page","type-page","status-publish","hentry"],"yoast_head":"<!-- This site is optimized with the Yoast SEO plugin v25.3 - https:\/\/yoast.com\/wordpress\/plugins\/seo\/ -->\n<title>Zam\u00f3w w dostawie - Chaiwala Kawiarnia Indyjska Warszawa | Indian Street Food<\/title>\n<meta name=\"description\" content=\"To pe\u0142ne oryginalno\u015bci i ekscytuj\u0105cych pyszno\u015bci miejsce gdzie spr\u00f3bujesz oryginalnych indyjskich przek\u0105sek street food.\" \/>\n<meta name=\"robots\" content=\"index, follow, max-snippet:-1, max-image-preview:large, max-video-preview:-1\" \/>\n<link rel=\"canonical\" href=\"https:\/\/chaiwala.pl\/en\/order\/\" \/>\n<meta property=\"og:locale\" content=\"en_US\" \/>\n<meta property=\"og:type\" content=\"article\" \/>\n<meta property=\"og:title\" content=\"Zam\u00f3w w dostawie - Chaiwala Kawiarnia Indyjska Warszawa | Indian Street Food\" \/>\n<meta property=\"og:description\" content=\"To pe\u0142ne oryginalno\u015bci i ekscytuj\u0105cych pyszno\u015bci miejsce gdzie spr\u00f3bujesz oryginalnych indyjskich przek\u0105sek street food.\" \/>\n<meta property=\"og:url\" content=\"https:\/\/chaiwala.pl\/en\/order\/\" \/>\n<meta property=\"og:site_name\" content=\"Chaiwala - Kawiarnia Indyjska w Warszawie\" \/>\n<meta property=\"article:modified_time\" content=\"2024-10-15T11:55:09+00:00\" \/>\n<meta name=\"twitter:card\" content=\"summary_large_image\" \/>\n<meta name=\"twitter:label1\" content=\"Est. reading time\" \/>\n\t<meta name=\"twitter:data1\" content=\"2 minutes\" \/>\n<script type=\"application\/ld+json\" class=\"yoast-schema-graph\">{\"@context\":\"https:\/\/schema.org\",\"@graph\":[{\"@type\":\"WebPage\",\"@id\":\"https:\/\/chaiwala.pl\/order\/\",\"url\":\"https:\/\/chaiwala.pl\/order\/\",\"name\":\"Zam\u00f3w w dostawie - Chaiwala Kawiarnia Indyjska Warszawa | Indian Street Food\",\"isPartOf\":{\"@id\":\"https:\/\/chaiwala.pl\/#website\"},\"datePublished\":\"2021-09-27T18:30:32+00:00\",\"dateModified\":\"2024-10-15T11:55:09+00:00\",\"description\":\"To pe\u0142ne oryginalno\u015bci i ekscytuj\u0105cych pyszno\u015bci miejsce gdzie spr\u00f3bujesz oryginalnych indyjskich przek\u0105sek street food.\",\"breadcrumb\":{\"@id\":\"https:\/\/chaiwala.pl\/order\/#breadcrumb\"},\"inLanguage\":\"en-US\",\"potentialAction\":[{\"@type\":\"ReadAction\",\"target\":[\"https:\/\/chaiwala.pl\/order\/\"]}]},{\"@type\":\"BreadcrumbList\",\"@id\":\"https:\/\/chaiwala.pl\/order\/#breadcrumb\",\"itemListElement\":[{\"@type\":\"ListItem\",\"position\":1,\"name\":\"Strona g\u0142\u00f3wna\",\"item\":\"https:\/\/chaiwala.pl\/\"},{\"@type\":\"ListItem\",\"position\":2,\"name\":\"Zam\u00f3w online\"}]},{\"@type\":\"WebSite\",\"@id\":\"https:\/\/chaiwala.pl\/#website\",\"url\":\"https:\/\/chaiwala.pl\/\",\"name\":\"Chaiwala - Kawiarnia Indyjska w Warszawie\",\"description\":\"\",\"publisher\":{\"@id\":\"https:\/\/chaiwala.pl\/#organization\"},\"potentialAction\":[{\"@type\":\"SearchAction\",\"target\":{\"@type\":\"EntryPoint\",\"urlTemplate\":\"https:\/\/chaiwala.pl\/?s={search_term_string}\"},\"query-input\":{\"@type\":\"PropertyValueSpecification\",\"valueRequired\":true,\"valueName\":\"search_term_string\"}}],\"inLanguage\":\"en-US\"},{\"@type\":\"Organization\",\"@id\":\"https:\/\/chaiwala.pl\/#organization\",\"name\":\"Chaiwala - Kawiarnia Indyjska w Warszawie\",\"url\":\"https:\/\/chaiwala.pl\/\",\"logo\":{\"@type\":\"ImageObject\",\"inLanguage\":\"en-US\",\"@id\":\"https:\/\/chaiwala.pl\/#\/schema\/logo\/image\/\",\"url\":\"https:\/\/chaiwala.pl\/wp-content\/uploads\/2021\/09\/chaiwala.png\",\"contentUrl\":\"https:\/\/chaiwala.pl\/wp-content\/uploads\/2021\/09\/chaiwala.png\",\"width\":900,\"height\":241,\"caption\":\"Chaiwala - Kawiarnia Indyjska w Warszawie\"},\"image\":{\"@id\":\"https:\/\/chaiwala.pl\/#\/schema\/logo\/image\/\"}}]}<\/script>\n<!-- \/ Yoast SEO plugin. -->","yoast_head_json":{"title":"Zam\u00f3w w dostawie - Chaiwala Kawiarnia Indyjska Warszawa | Indian Street Food","description":"To pe\u0142ne oryginalno\u015bci i ekscytuj\u0105cych pyszno\u015bci miejsce gdzie spr\u00f3bujesz oryginalnych indyjskich przek\u0105sek street food.","robots":{"index":"index","follow":"follow","max-snippet":"max-snippet:-1","max-image-preview":"max-image-preview:large","max-video-preview":"max-video-preview:-1"},"canonical":"https:\/\/chaiwala.pl\/en\/order\/","og_locale":"en_US","og_type":"article","og_title":"Zam\u00f3w w dostawie - Chaiwala Kawiarnia Indyjska Warszawa | Indian Street Food","og_description":"To pe\u0142ne oryginalno\u015bci i ekscytuj\u0105cych pyszno\u015bci miejsce gdzie spr\u00f3bujesz oryginalnych indyjskich przek\u0105sek street food.","og_url":"https:\/\/chaiwala.pl\/en\/order\/","og_site_name":"Chaiwala - Kawiarnia Indyjska w Warszawie","article_modified_time":"2024-10-15T11:55:09+00:00","twitter_card":"summary_large_image","twitter_misc":{"Est. reading time":"2 minutes"},"schema":{"@context":"https:\/\/schema.org","@graph":[{"@type":"WebPage","@id":"https:\/\/chaiwala.pl\/order\/","url":"https:\/\/chaiwala.pl\/order\/","name":"Zam\u00f3w w dostawie - Chaiwala Kawiarnia Indyjska Warszawa | Indian Street Food","isPartOf":{"@id":"https:\/\/chaiwala.pl\/#website"},"datePublished":"2021-09-27T18:30:32+00:00","dateModified":"2024-10-15T11:55:09+00:00","description":"To pe\u0142ne oryginalno\u015bci i ekscytuj\u0105cych pyszno\u015bci miejsce gdzie spr\u00f3bujesz oryginalnych indyjskich przek\u0105sek street food.","breadcrumb":{"@id":"https:\/\/chaiwala.pl\/order\/#breadcrumb"},"inLanguage":"en-US","potentialAction":[{"@type":"ReadAction","target":["https:\/\/chaiwala.pl\/order\/"]}]},{"@type":"BreadcrumbList","@id":"https:\/\/chaiwala.pl\/order\/#breadcrumb","itemListElement":[{"@type":"ListItem","position":1,"name":"Strona g\u0142\u00f3wna","item":"https:\/\/chaiwala.pl\/"},{"@type":"ListItem","position":2,"name":"Zam\u00f3w online"}]},{"@type":"WebSite","@id":"https:\/\/chaiwala.pl\/#website","url":"https:\/\/chaiwala.pl\/","name":"Chaiwala - Kawiarnia Indyjska w Warszawie","description":"","publisher":{"@id":"https:\/\/chaiwala.pl\/#organization"},"potentialAction":[{"@type":"SearchAction","target":{"@type":"EntryPoint","urlTemplate":"https:\/\/chaiwala.pl\/?s={search_term_string}"},"query-input":{"@type":"PropertyValueSpecification","valueRequired":true,"valueName":"search_term_string"}}],"inLanguage":"en-US"},{"@type":"Organization","@id":"https:\/\/chaiwala.pl\/#organization","name":"Chaiwala - Kawiarnia Indyjska w Warszawie","url":"https:\/\/chaiwala.pl\/","logo":{"@type":"ImageObject","inLanguage":"en-US","@id":"https:\/\/chaiwala.pl\/#\/schema\/logo\/image\/","url":"https:\/\/chaiwala.pl\/wp-content\/uploads\/2021\/09\/chaiwala.png","contentUrl":"https:\/\/chaiwala.pl\/wp-content\/uploads\/2021\/09\/chaiwala.png","width":900,"height":241,"caption":"Chaiwala - Kawiarnia Indyjska w Warszawie"},"image":{"@id":"https:\/\/chaiwala.pl\/#\/schema\/logo\/image\/"}}]}},"_links":{"self":[{"href":"https:\/\/chaiwala.pl\/en\/wp-json\/wp\/v2\/pages\/1281","targetHints":{"allow":["GET"]}}],"collection":[{"href":"https:\/\/chaiwala.pl\/en\/wp-json\/wp\/v2\/pages"}],"about":[{"href":"https:\/\/chaiwala.pl\/en\/wp-json\/wp\/v2\/types\/page"}],"author":[{"embeddable":true,"href":"https:\/\/chaiwala.pl\/en\/wp-json\/wp\/v2\/users\/1"}],"replies":[{"embeddable":true,"href":"https:\/\/chaiwala.pl\/en\/wp-json\/wp\/v2\/comments?post=1281"}],"version-history":[{"count":14,"href":"https:\/\/chaiwala.pl\/en\/wp-json\/wp\/v2\/pages\/1281\/revisions"}],"predecessor-version":[{"id":1515,"href":"https:\/\/chaiwala.pl\/en\/wp-json\/wp\/v2\/pages\/1281\/revisions\/1515"}],"wp:attachment":[{"href":"https:\/\/chaiwala.pl\/en\/wp-json\/wp\/v2\/media?parent=1281"}],"curies":[{"name":"wp","href":"https:\/\/api.w.org\/{rel}","templated":true}]}}