{"id":2,"date":"2017-10-04T14:07:29","date_gmt":"2017-10-04T14:07:29","guid":{"rendered":"http:\/\/chaiwala.pl\/?page_id=2"},"modified":"2024-10-15T13:48:52","modified_gmt":"2024-10-15T11:48:52","slug":"home-1","status":"publish","type":"page","link":"https:\/\/chaiwala.pl\/en\/","title":{"rendered":"Chaiwala"},"content":{"rendered":"<div class=\"wpb-content-wrapper\"><div class=\"vc_row wpb_row vc_row-fluid\"><div class=\"wpb_column vc_column_container vc_col-sm-12 sc_layouts_column_icons_position_left\"><div class=\"vc_column-inner\"><div class=\"wpb_wrapper\"><div class=\"wpb_revslider_element wpb_content_element\">\n\t\t\t<!-- START slider1 REVOLUTION SLIDER 6.6.20 --><p class=\"rs-p-wp-fix\"><\/p>\n\t\t\t<rs-module-wrap id=\"rev_slider_1_1_wrapper\" data-source=\"gallery\" style=\"visibility:hidden;background:transparent;padding:0;margin:0px auto;margin-top:0;margin-bottom:0;\">\n\t\t\t\t<rs-module id=\"rev_slider_1_1\" style=\"\" data-version=\"6.6.20\">\n\t\t\t\t\t<rs-slides style=\"overflow: hidden; position: absolute;\">\n\t\t\t\t\t\t<rs-slide style=\"position: absolute;\" data-key=\"rs-1\" data-title=\"Slide\" data-anim=\"adpr:false;\" data-filter=\"e:late;h:200;\" data-in=\"o:0;e:power1.in;\" data-out=\"a:false;\" data-sloop=\"s:1300;e:14800;\">\n\t\t\t\t\t\t\t<img decoding=\"async\" src=\"\/\/chaiwala.pl\/wp-content\/plugins\/revslider\/public\/assets\/assets\/dummy.png\" alt=\"\" title=\"bg3\" width=\"2560\" height=\"1178\" class=\"rev-slidebg tp-rs-img rs-lazyload\" data-lazyload=\"\/\/chaiwala.pl\/wp-content\/uploads\/2021\/09\/bg3-scaled.jpg\" data-parallax=\"7\" data-no-retina>\n\t\t\t\t\t\t\t<rs-bgvideo \n\t\t\t\t\t\t\t\tdata-video=\"w:100%;h:100%;nse:false;l:true;ptimer:false;vfc:true;\"\n\t\t\t\t\t\t\t\tdata-mp4=\"\/\/chaiwala.pl\/wp-content\/uploads\/2021\/09\/ST0155A-City-Traffic-India.mp4\"\n\t\t\t\t\t\t\t><\/rs-bgvideo>\n<!--\n\t\t\t\t\t\t\t--><rs-layer\n\t\t\t\t\t\t\t\tid=\"slider-1-slide-1-layer-0\" \n\t\t\t\t\t\t\t\tdata-type=\"image\"\n\t\t\t\t\t\t\t\tdata-rsp_ch=\"on\"\n\t\t\t\t\t\t\t\tdata-xy=\"xo:668px,555px,131px,-14px;yo:78px,127px,249px,262px;\"\n\t\t\t\t\t\t\t\tdata-text=\"w:normal;s:NaN;l:NaN;ls:NaN;\"\n\t\t\t\t\t\t\t\tdata-dim=\"w:637px,579px,537px,505px;h:478px,434px,403px,379px;\"\n\t\t\t\t\t\t\t\tdata-frame_0=\"x:NaN;y:NaN;\"\n\t\t\t\t\t\t\t\tdata-frame_1=\"x:NaN;y:NaN;st:11640;sp:850;sR:11640;\"\n\t\t\t\t\t\t\t\tdata-frame_999=\"o:0;st:13940;sp:870;sR:1450;\"\n\t\t\t\t\t\t\t\tstyle=\"z-index:18;\"\n\t\t\t\t\t\t\t><img decoding=\"async\" src=\"\/\/chaiwala.pl\/wp-content\/plugins\/revslider\/public\/assets\/assets\/dummy.png\" alt=\"\" class=\"tp-rs-img rs-lazyload\" width=\"1260\" height=\"945\" data-lazyload=\"\/\/chaiwala.pl\/wp-content\/uploads\/2023\/04\/PAPDI-CHAT.png\" data-no-retina> \n\t\t\t\t\t\t\t<\/rs-layer><!--\n\n\t\t\t\t\t\t\t--><rs-layer\n\t\t\t\t\t\t\t\tid=\"slider-1-slide-1-layer-1\" \n\t\t\t\t\t\t\t\tdata-type=\"image\"\n\t\t\t\t\t\t\t\tdata-rsp_ch=\"on\"\n\t\t\t\t\t\t\t\tdata-xy=\"xo:703px,576px,132px,-5px;yo:107px,151px,256px,280px;\"\n\t\t\t\t\t\t\t\tdata-text=\"w:normal;s:NaN;l:NaN;ls:NaN;\"\n\t\t\t\t\t\t\t\tdata-dim=\"w:563px,526px,514px,473px;h:422px,395px,386px,355px;\"\n\t\t\t\t\t\t\t\tdata-frame_0=\"x:NaN;y:NaN;\"\n\t\t\t\t\t\t\t\tdata-frame_1=\"x:NaN;y:NaN;st:8800;sp:850;sR:8800;\"\n\t\t\t\t\t\t\t\tdata-frame_999=\"o:0;st:11000;sp:870;sR:1350;\"\n\t\t\t\t\t\t\t\tstyle=\"z-index:17;\"\n\t\t\t\t\t\t\t><img decoding=\"async\" src=\"\/\/chaiwala.pl\/wp-content\/plugins\/revslider\/public\/assets\/assets\/dummy.png\" alt=\"\" class=\"tp-rs-img rs-lazyload\" width=\"1260\" height=\"945\" data-lazyload=\"\/\/chaiwala.pl\/wp-content\/uploads\/2023\/04\/CHEESE-VADA-PAV.png\" data-no-retina> \n\t\t\t\t\t\t\t<\/rs-layer><!--\n\n\t\t\t\t\t\t\t--><rs-layer\n\t\t\t\t\t\t\t\tid=\"slider-1-slide-1-layer-2\" \n\t\t\t\t\t\t\t\tdata-type=\"text\"\n\t\t\t\t\t\t\t\tdata-color=\"#fff\"\n\t\t\t\t\t\t\t\tdata-rsp_ch=\"on\"\n\t\t\t\t\t\t\t\tdata-xy=\"x:l,l,c,c;xo:168px,133px,-1px,0;yo:326px,225px,180px,175px;\"\n\t\t\t\t\t\t\t\tdata-text=\"w:normal;s:33,30,44,47;l:44,35,38,40;ls:0,0,0px,0px;fw:200;a:left,left,left,center;\"\n\t\t\t\t\t\t\t\tdata-dim=\"minh:0,none,none,none;\"\n\t\t\t\t\t\t\t\tdata-frame_0=\"x:NaN;y:NaN;\"\n\t\t\t\t\t\t\t\tdata-frame_1=\"x:NaN;y:NaN;st:610;sp:680;sR:610;\"\n\t\t\t\t\t\t\t\tdata-frame_999=\"o:0;st:w;sR:13710;\"\n\t\t\t\t\t\t\t\tstyle=\"z-index:13;font-family:'Poppins';\"\n\t\t\t\t\t\t\t>\u091a\u093e\u092f\u0935\u093e\u0932\u093e \n\t\t\t\t\t\t\t<\/rs-layer><!--\n\n\t\t\t\t\t\t\t--><rs-layer\n\t\t\t\t\t\t\t\tid=\"slider-1-slide-1-layer-3\" \n\t\t\t\t\t\t\t\tdata-type=\"image\"\n\t\t\t\t\t\t\t\tdata-rsp_ch=\"on\"\n\t\t\t\t\t\t\t\tdata-xy=\"xo:696px,583px,138px,7px;yo:97px,151px,257px,285px;\"\n\t\t\t\t\t\t\t\tdata-text=\"w:normal;s:NaN;l:NaN;ls:NaN;\"\n\t\t\t\t\t\t\t\tdata-dim=\"w:566px,510px,503px,442px;h:425px,383px,377px,332px;\"\n\t\t\t\t\t\t\t\tdata-frame_0=\"x:NaN;y:NaN;\"\n\t\t\t\t\t\t\t\tdata-frame_1=\"x:NaN;y:NaN;st:6350;sp:850;sR:6350;\"\n\t\t\t\t\t\t\t\tdata-frame_999=\"o:0;st:8170;sp:870;sR:970;\"\n\t\t\t\t\t\t\t\tstyle=\"z-index:16;\"\n\t\t\t\t\t\t\t><img decoding=\"async\" src=\"\/\/chaiwala.pl\/wp-content\/plugins\/revslider\/public\/assets\/assets\/dummy.png\" alt=\"\" class=\"tp-rs-img rs-lazyload\" width=\"1260\" height=\"945\" data-lazyload=\"\/\/chaiwala.pl\/wp-content\/uploads\/2023\/04\/PAV-BHAJI.png\" data-no-retina> \n\t\t\t\t\t\t\t<\/rs-layer><!--\n\n\t\t\t\t\t\t\t--><rs-layer\n\t\t\t\t\t\t\t\tid=\"slider-1-slide-1-layer-4\" \n\t\t\t\t\t\t\t\tclass=\"SliderButton rev-btn\"\n\t\t\t\t\t\t\t\tdata-type=\"button\"\n\t\t\t\t\t\t\t\tdata-xy=\"x:l,l,c,c;xo:170px,135px,0,0;y:m;yo:144px,94px,-36px,-31px;\"\n\t\t\t\t\t\t\t\tdata-text=\"s:15;l:23;fw:600;a:center;\"\n\t\t\t\t\t\t\t\tdata-dim=\"w:225px;h:49px;\"\n\t\t\t\t\t\t\t\tdata-actions='o:click;a:scrollbelow;offset:10px;sp:1000ms;e:power1.inOut;'\n\t\t\t\t\t\t\t\tdata-rsp_bd=\"off\"\n\t\t\t\t\t\t\t\tdata-padding=\"t:12;r:35;b:12;l:35;\"\n\t\t\t\t\t\t\t\tdata-border=\"bos:solid;boc:#ffffff;bow:0,0,0px,0;\"\n\t\t\t\t\t\t\t\tdata-frame_0=\"x:50px;\"\n\t\t\t\t\t\t\t\tdata-frame_1=\"st:310;sp:1000;sR:310;\"\n\t\t\t\t\t\t\t\tdata-frame_999=\"o:0;st:w;sR:13690;\"\n\t\t\t\t\t\t\t\tdata-frame_hover=\"c:#fff;bgc:#c21539;boc:#c21539;bor:0px,0px,0px,0px;bos:solid;bow:0,0,2px,0;oX:50;oY:50;sp:0;\"\n\t\t\t\t\t\t\t\tstyle=\"z-index:10;background-color:#c21539;font-family:'Poppins';cursor:pointer;outline:none;box-shadow:none;box-sizing:border-box;-moz-box-sizing:border-box;-webkit-box-sizing:border-box;\"\n\t\t\t\t\t\t\t>See our menu \n\t\t\t\t\t\t\t<\/rs-layer><!--\n\n\t\t\t\t\t\t\t--><rs-layer\n\t\t\t\t\t\t\t\tid=\"slider-1-slide-1-layer-5\" \n\t\t\t\t\t\t\t\tdata-type=\"text\"\n\t\t\t\t\t\t\t\tdata-color=\"#fff\"\n\t\t\t\t\t\t\t\tdata-rsp_ch=\"on\"\n\t\t\t\t\t\t\t\tdata-xy=\"x:l,l,c,c;xo:164px,131px,0,7px;yo:256px,204px,117px,121px;\"\n\t\t\t\t\t\t\t\tdata-text=\"w:normal;s:58,50,50,44;l:58,46,50,43;fw:500;a:left,left,center,center;\"\n\t\t\t\t\t\t\t\tdata-dim=\"w:auto,auto,auto,475px;minh:0px,none,none,none;\"\n\t\t\t\t\t\t\t\tdata-frame_0=\"x:NaN;y:NaN;\"\n\t\t\t\t\t\t\t\tdata-frame_1=\"x:NaN;y:NaN;st:270;sp:910;sR:270;\"\n\t\t\t\t\t\t\t\tdata-frame_999=\"o:0;st:w;sR:13820;\"\n\t\t\t\t\t\t\t\tstyle=\"z-index:12;font-family:'Poppins';\"\n\t\t\t\t\t\t\t>Indian cafe \n\t\t\t\t\t\t\t<\/rs-layer><!--\n\n\t\t\t\t\t\t\t--><rs-layer\n\t\t\t\t\t\t\t\tid=\"slider-1-slide-1-layer-6\" \n\t\t\t\t\t\t\t\tdata-type=\"text\"\n\t\t\t\t\t\t\t\tdata-color=\"#fff\"\n\t\t\t\t\t\t\t\tdata-rsp_ch=\"on\"\n\t\t\t\t\t\t\t\tdata-xy=\"x:l,l,c,c;xo:164px,131px,0,0;yo:211px,121px,66px,77px;\"\n\t\t\t\t\t\t\t\tdata-text=\"w:normal;s:46,50,50,44;l:48,38,50,42;fw:200;a:left,left,center,center;\"\n\t\t\t\t\t\t\t\tdata-dim=\"w:753px,602px,457px,421px;minh:0,none,none,none;\"\n\t\t\t\t\t\t\t\tdata-frame_1=\"st:390;sp:910;sR:390;\"\n\t\t\t\t\t\t\t\tdata-frame_999=\"o:0;st:w;sR:13700;\"\n\t\t\t\t\t\t\t\tstyle=\"z-index:11;font-family:'Poppins';\"\n\t\t\t\t\t\t\t>Welcome to our \n\t\t\t\t\t\t\t<\/rs-layer><!--\n\n\t\t\t\t\t\t\t--><rs-layer\n\t\t\t\t\t\t\t\tid=\"slider-1-slide-1-layer-7\" \n\t\t\t\t\t\t\t\tdata-type=\"shape\"\n\t\t\t\t\t\t\t\tdata-rsp_ch=\"on\"\n\t\t\t\t\t\t\t\tdata-xy=\"xo:-252px,-201px,-152px,-252px;y:b;yo:-9px,-7px,-5px,-10px;\"\n\t\t\t\t\t\t\t\tdata-text=\"w:normal;s:20,16,12,7;l:0,20,15,9;\"\n\t\t\t\t\t\t\t\tdata-dim=\"w:3000px,2400px,1823px,1124px;h:100px,80px,162px,133px;\"\n\t\t\t\t\t\t\t\tdata-btrans=\"rZ:-3;\"\n\t\t\t\t\t\t\t\tdata-frame_1=\"st:90;sp:880;sR:90;\"\n\t\t\t\t\t\t\t\tdata-frame_999=\"o:0;st:w;sR:14030;\"\n\t\t\t\t\t\t\t\tstyle=\"z-index:9;background-color:#c21539;\"\n\t\t\t\t\t\t\t> \n\t\t\t\t\t\t\t<\/rs-layer><!--\n\n\t\t\t\t\t\t\t--><rs-layer\n\t\t\t\t\t\t\t\tid=\"slider-1-slide-1-layer-8\" \n\t\t\t\t\t\t\t\tdata-type=\"image\"\n\t\t\t\t\t\t\t\tdata-rsp_ch=\"on\"\n\t\t\t\t\t\t\t\tdata-xy=\"xo:673px,575px,133px,-10px;yo:87px,143px,250px,265px;\"\n\t\t\t\t\t\t\t\tdata-text=\"w:normal;s:NaN;l:NaN;ls:NaN;\"\n\t\t\t\t\t\t\t\tdata-dim=\"w:594px,526px,508px,481px;h:446px,395px,381px,361px;\"\n\t\t\t\t\t\t\t\tdata-frame_0=\"x:NaN;y:NaN;\"\n\t\t\t\t\t\t\t\tdata-frame_1=\"x:NaN;y:NaN;st:1330;sp:850;sR:1330;\"\n\t\t\t\t\t\t\t\tdata-frame_999=\"o:0;st:3190;sp:870;sR:1010;\"\n\t\t\t\t\t\t\t\tstyle=\"z-index:14;\"\n\t\t\t\t\t\t\t><img decoding=\"async\" src=\"\/\/chaiwala.pl\/wp-content\/plugins\/revslider\/public\/assets\/assets\/dummy.png\" alt=\"\" class=\"tp-rs-img rs-lazyload\" width=\"1260\" height=\"945\" data-lazyload=\"\/\/chaiwala.pl\/wp-content\/uploads\/2023\/04\/BREAD-PAKORA.png\" data-no-retina> \n\t\t\t\t\t\t\t<\/rs-layer><!--\n\n\t\t\t\t\t\t\t--><rs-layer\n\t\t\t\t\t\t\t\tid=\"slider-1-slide-1-layer-9\" \n\t\t\t\t\t\t\t\tdata-type=\"image\"\n\t\t\t\t\t\t\t\tdata-rsp_ch=\"on\"\n\t\t\t\t\t\t\t\tdata-xy=\"xo:669px,561px,129px,-12px;yo:88px,139px,260px,278px;\"\n\t\t\t\t\t\t\t\tdata-text=\"w:normal;s:NaN;l:NaN;ls:NaN;\"\n\t\t\t\t\t\t\t\tdata-dim=\"w:612px,564px,538px,505px;h:459px,423px,404px,379px;\"\n\t\t\t\t\t\t\t\tdata-frame_0=\"x:NaN;y:NaN;\"\n\t\t\t\t\t\t\t\tdata-frame_1=\"x:NaN;y:NaN;st:3590;sp:850;sR:3590;\"\n\t\t\t\t\t\t\t\tdata-frame_999=\"o:0;st:5940;sp:870;sR:1500;\"\n\t\t\t\t\t\t\t\tstyle=\"z-index:15;\"\n\t\t\t\t\t\t\t><img decoding=\"async\" src=\"\/\/chaiwala.pl\/wp-content\/plugins\/revslider\/public\/assets\/assets\/dummy.png\" alt=\"\" class=\"tp-rs-img rs-lazyload\" width=\"1260\" height=\"945\" data-lazyload=\"\/\/chaiwala.pl\/wp-content\/uploads\/2023\/04\/DAHI-KACHORI.png\" data-no-retina> \n\t\t\t\t\t\t\t<\/rs-layer><!--\n\n\t\t\t\t\t\t\t--><rs-layer\n\t\t\t\t\t\t\t\tid=\"slider-1-slide-1-layer-10\" \n\t\t\t\t\t\t\t\tdata-type=\"shape\"\n\t\t\t\t\t\t\t\tdata-rsp_ch=\"on\"\n\t\t\t\t\t\t\t\tdata-xy=\"x:c;xo:-1px,0,0,0;yo:-79px,-49px,-37px,-23px;\"\n\t\t\t\t\t\t\t\tdata-text=\"w:normal;s:20,16,12,7;l:0,20,15,9;\"\n\t\t\t\t\t\t\t\tdata-dim=\"w:3000px,2400px,1823px,1124px;h:713px,570px,625px,635px;\"\n\t\t\t\t\t\t\t\tdata-frame_1=\"sp:560;\"\n\t\t\t\t\t\t\t\tdata-frame_999=\"o:0;st:w;sR:14440;\"\n\t\t\t\t\t\t\t\tstyle=\"z-index:8;background-color:rgba(0,0,0,0.64);\"\n\t\t\t\t\t\t\t> \n\t\t\t\t\t\t\t<\/rs-layer><!--\n-->\t\t\t\t\t\t<\/rs-slide>\n\t\t\t\t\t<\/rs-slides>\n\t\t\t\t<\/rs-module>\n\t\t\t\t<script>\n\t\t\t\t\tsetREVStartSize({c: 'rev_slider_1_1',rl:[1240,1024,778,480],el:[650,550,600,600],gw:[1280,1024,778,480],gh:[650,550,600,600],type:'hero',justify:'',layout:'fullwidth',mh:\"0\"});if (window.RS_MODULES!==undefined && window.RS_MODULES.modules!==undefined && window.RS_MODULES.modules[\"revslider11\"]!==undefined) {window.RS_MODULES.modules[\"revslider11\"].once = false;window.revapi1 = undefined;if (window.RS_MODULES.checkMinimal!==undefined) window.RS_MODULES.checkMinimal()}\n\t\t\t\t<\/script>\n\t\t\t<\/rs-module-wrap>\n\t\t\t<!-- END REVOLUTION SLIDER -->\n<\/div><\/div><\/div><\/div><\/div><div data-vc-full-width=\"true\" data-vc-full-width-temp=\"true\" data-vc-full-width-init=\"false\" data-vc-stretch-content=\"true\" class=\"vc_row wpb_row vc_row-fluid welcome_section wpb_animate_when_almost_visible wpb_fadeInUp fadeInUp vc_custom_1632848260056 vc_row-has-fill vc_row-no-padding\"><div class=\"wpb_column vc_column_container vc_col-sm-3 sc_layouts_column_icons_position_left\"><div class=\"vc_column-inner\"><div class=\"wpb_wrapper\"><\/div><\/div><\/div><div class=\"wpb_column vc_column_container vc_col-sm-6 sc_layouts_column_icons_position_left\"><div class=\"vc_column-inner\"><div class=\"wpb_wrapper\"><div class=\"vc_empty_space  vc_custom_1515831649199 height_huge\"   style=\"height: 32px\"><span class=\"vc_empty_space_inner\"><\/span><\/div><div id=\"sc_content_1352621289\"\r\n\t\tclass=\"sc_content color_style_default sc_content_default sc_float_center\"><div class=\"sc_content_container\"><div id=\"sc_title_2071011737\"\r\n\t\tclass=\"sc_title color_style_default sc_title_default\"><h3 class=\"sc_item_title sc_title_title sc_align_center sc_item_title_style_default\">Pssst! Welcome to Chaiwala Indian Cafe!<\/h3><\/div><!-- \/.sc_title --><div class=\"vc_empty_space  vc_custom_1515770101989 height_small\"   style=\"height: 32px\"><span class=\"vc_empty_space_inner\"><\/span><\/div><div class=\"vc_row wpb_row vc_inner vc_row-fluid\"><div class=\"wpb_column vc_column_container vc_col-sm-12 sc_layouts_column_icons_position_left\"><div class=\"vc_column-inner\"><div class=\"wpb_wrapper\">\n\t<div class=\"wpb_text_column wpb_content_element\" >\n\t\t<div class=\"wpb_wrapper\">\n\t\t\t<p style=\"text-align: center;\">It is a place full of originality and exciting delicacies where you and your friends can spend time on long conversations. Here you will find topics for conversation, tasty snacks and original Indian tea! We are waiting for you!<\/p>\n\n\t\t<\/div>\n\t<\/div>\n<\/div><\/div><\/div><\/div><\/div><\/div><!-- \/.sc_content --><\/div><\/div><\/div><div class=\"wpb_column vc_column_container vc_col-sm-3 sc_layouts_column_icons_position_left\"><div class=\"vc_column-inner\"><div class=\"wpb_wrapper\"><\/div><\/div><\/div><\/div><div class=\"vc_row-full-width vc_clearfix\"><\/div><div class=\"vc_row wpb_row vc_row-fluid wpb_animate_when_almost_visible wpb_fadeInUp fadeInUp vc_custom_1632848235792 vc_row-has-fill\"><div class=\"wpb_column vc_column_container vc_col-sm-12 sc_layouts_column_icons_position_left\"><div class=\"vc_column-inner\"><div class=\"wpb_wrapper\"><div class=\"vc_row wpb_row vc_inner vc_row-fluid\"><div class=\"wpb_column vc_column_container vc_col-sm-2 sc_layouts_column_icons_position_left\"><div class=\"vc_column-inner\"><div class=\"wpb_wrapper\"><\/div><\/div><\/div><div class=\"wpb_column vc_column_container vc_col-sm-8 sc_layouts_column_icons_position_left\"><div class=\"vc_column-inner\"><div class=\"wpb_wrapper\">\n\t<div  class=\"wpb_single_image wpb_content_element vc_align_center wpb_content_element\">\n\t\t\n\t\t<figure class=\"wpb_wrapper vc_figure\">\n\t\t\t<div class=\"vc_single_image-wrapper   vc_box_border_grey\"><img loading=\"lazy\" decoding=\"async\" width=\"2025\" height=\"1350\" src=\"https:\/\/chaiwala.pl\/wp-content\/uploads\/2022\/03\/272833134_145772357836193_2148751906183820875_n.jpg\" class=\"vc_single_image-img attachment-full\" alt=\"\" title=\"272833134_145772357836193_2148751906183820875_n\" srcset=\"https:\/\/chaiwala.pl\/wp-content\/uploads\/2022\/03\/272833134_145772357836193_2148751906183820875_n.jpg 2025w, https:\/\/chaiwala.pl\/wp-content\/uploads\/2022\/03\/272833134_145772357836193_2148751906183820875_n-300x200.jpg 300w, https:\/\/chaiwala.pl\/wp-content\/uploads\/2022\/03\/272833134_145772357836193_2148751906183820875_n-1024x683.jpg 1024w, https:\/\/chaiwala.pl\/wp-content\/uploads\/2022\/03\/272833134_145772357836193_2148751906183820875_n-768x512.jpg 768w, https:\/\/chaiwala.pl\/wp-content\/uploads\/2022\/03\/272833134_145772357836193_2148751906183820875_n-1536x1024.jpg 1536w, https:\/\/chaiwala.pl\/wp-content\/uploads\/2022\/03\/272833134_145772357836193_2148751906183820875_n-18x12.jpg 18w, https:\/\/chaiwala.pl\/wp-content\/uploads\/2022\/03\/272833134_145772357836193_2148751906183820875_n-370x247.jpg 370w, https:\/\/chaiwala.pl\/wp-content\/uploads\/2022\/03\/272833134_145772357836193_2148751906183820875_n-760x507.jpg 760w, https:\/\/chaiwala.pl\/wp-content\/uploads\/2022\/03\/272833134_145772357836193_2148751906183820875_n-1520x1013.jpg 1520w, https:\/\/chaiwala.pl\/wp-content\/uploads\/2022\/03\/272833134_145772357836193_2148751906183820875_n-740x493.jpg 740w\" sizes=\"auto, (max-width: 2025px) 100vw, 2025px\" \/><\/div>\n\t\t<\/figure>\n\t<\/div>\n<\/div><\/div><\/div><div class=\"wpb_column vc_column_container vc_col-sm-2 sc_layouts_column_icons_position_left\"><div class=\"vc_column-inner\"><div class=\"wpb_wrapper\"><\/div><\/div><\/div><\/div><div class=\"vc_empty_space\"   style=\"height: 70px\"><span class=\"vc_empty_space_inner\"><\/span><\/div><div class=\"vc_row wpb_row vc_inner vc_row-fluid vc_custom_1632757206828 vc_row-has-fill\"><div class=\"wpb_column vc_column_container vc_col-sm-3 sc_layouts_column_icons_position_left\"><div class=\"vc_column-inner\"><div class=\"wpb_wrapper\"><\/div><\/div><\/div><div class=\"wpb_column vc_column_container vc_col-sm-6 sc_layouts_column_icons_position_left\"><div class=\"vc_column-inner\"><div class=\"wpb_wrapper\">\n\t<div  class=\"wpb_single_image wpb_content_element vc_align_center wpb_content_element\">\n\t\t\n\t\t<figure class=\"wpb_wrapper vc_figure\">\n\t\t\t<div class=\"vc_single_image-wrapper   vc_box_border_grey\"><img loading=\"lazy\" decoding=\"async\" width=\"1260\" height=\"945\" src=\"https:\/\/chaiwala.pl\/wp-content\/uploads\/2023\/04\/DAHI-VADA.png\" class=\"vc_single_image-img attachment-full\" alt=\"\" title=\"_DAHI VADA\" srcset=\"https:\/\/chaiwala.pl\/wp-content\/uploads\/2023\/04\/DAHI-VADA.png 1260w, https:\/\/chaiwala.pl\/wp-content\/uploads\/2023\/04\/DAHI-VADA-300x225.png 300w, https:\/\/chaiwala.pl\/wp-content\/uploads\/2023\/04\/DAHI-VADA-1024x768.png 1024w, https:\/\/chaiwala.pl\/wp-content\/uploads\/2023\/04\/DAHI-VADA-768x576.png 768w, https:\/\/chaiwala.pl\/wp-content\/uploads\/2023\/04\/DAHI-VADA-16x12.png 16w, https:\/\/chaiwala.pl\/wp-content\/uploads\/2023\/04\/DAHI-VADA-370x278.png 370w, https:\/\/chaiwala.pl\/wp-content\/uploads\/2023\/04\/DAHI-VADA-760x570.png 760w, https:\/\/chaiwala.pl\/wp-content\/uploads\/2023\/04\/DAHI-VADA-740x555.png 740w\" sizes=\"auto, (max-width: 1260px) 100vw, 1260px\" \/><\/div>\n\t\t<\/figure>\n\t<\/div>\n<div class=\"vc_empty_space  vc_custom_1632761566625 height_small\"   style=\"height: 32px\"><span class=\"vc_empty_space_inner\"><\/span><\/div>\n\t<div class=\"wpb_text_column wpb_content_element\" >\n\t\t<div class=\"wpb_wrapper\">\n\t\t\t<p style=\"text-align: center;\">Ogrodowa 1a str. loc. 5U-68<br \/>\n<span class=\"desktop-title-subcontent\">00-867<\/span> Warsaw<\/p>\n<p style=\"text-align: center;\"><strong>+48 797 060 622<\/strong><br \/>\n<strong>+48 797 116 900<\/strong><\/p>\n<p style=\"text-align: center;\">Monday<br \/>\n15:00 &#8211; 22.00<br \/>\nTuesday - Sunday<br \/>\n09.30 &#8211; 22.00<\/p>\n\n\t\t<\/div>\n\t<\/div>\n<div class=\"vc_empty_space  vc_custom_1632761605619 height_large\"   style=\"height: 32px\"><span class=\"vc_empty_space_inner\"><\/span><\/div><\/div><\/div><\/div><div class=\"wpb_column vc_column_container vc_col-sm-3 sc_layouts_column_icons_position_left\"><div class=\"vc_column-inner\"><div class=\"wpb_wrapper\"><\/div><\/div><\/div><\/div><\/div><\/div><\/div><\/div>\n<\/div>","protected":false},"excerpt":{"rendered":"\u091a\u093e\u092f\u0935\u093e\u0932\u093e Zobacz nasze menu kawiarni indyjskiej Witamy w naszej Pssst! Witaj w indyjskiej kawiarni Chaiwala! To pe\u0142ne oryginalno\u015bci i ekscytuj\u0105cych pyszno\u015bci miejsce, w kt\u00f3rym razem ze znajomymi b\u0119dziesz m\u00f3g\u0142 sp\u0119dzi\u0107 czas na d\u0142ugich rozmowach. Tutaj nie zabraknie Wam temat\u00f3w do rozm\u00f3w, smakowitych przek\u0105sek i oryginalnej indyjskiej herbaty! Czekamy na Was!&hellip;","protected":false},"author":1,"featured_media":0,"parent":0,"menu_order":0,"comment_status":"closed","ping_status":"open","template":"","meta":{"footnotes":""},"class_list":["post-2","page","type-page","status-publish","hentry"],"yoast_head":"<!-- This site is optimized with the Yoast SEO plugin v25.3 - https:\/\/yoast.com\/wordpress\/plugins\/seo\/ -->\n<title>Chaiwala &amp; Mithaiwala - Street Food &amp; S\u0142odycze Indyjskie<\/title>\n<meta name=\"description\" content=\"To pe\u0142ne oryginalno\u015bci i ekscytuj\u0105cych pyszno\u015bci miejsce gdzie spr\u00f3bujesz indyjskich przek\u0105sek street food i indyjskich s\u0142odyczy.\" \/>\n<meta name=\"robots\" content=\"index, follow, max-snippet:-1, max-image-preview:large, max-video-preview:-1\" \/>\n<link rel=\"canonical\" href=\"https:\/\/chaiwala.pl\/en\/\" \/>\n<meta property=\"og:locale\" content=\"en_US\" \/>\n<meta property=\"og:type\" content=\"article\" \/>\n<meta property=\"og:title\" content=\"Chaiwala &amp; Mithaiwala - Street Food &amp; S\u0142odycze Indyjskie\" \/>\n<meta property=\"og:description\" content=\"To pe\u0142ne oryginalno\u015bci i ekscytuj\u0105cych pyszno\u015bci miejsce gdzie spr\u00f3bujesz indyjskich przek\u0105sek street food i indyjskich s\u0142odyczy.\" \/>\n<meta property=\"og:url\" content=\"https:\/\/chaiwala.pl\/en\/\" \/>\n<meta property=\"og:site_name\" content=\"Chaiwala - Kawiarnia Indyjska w Warszawie\" \/>\n<meta property=\"article:modified_time\" content=\"2024-10-15T11:48:52+00:00\" \/>\n<meta name=\"twitter:card\" content=\"summary_large_image\" \/>\n<meta name=\"twitter:label1\" content=\"Est. reading time\" \/>\n\t<meta name=\"twitter:data1\" content=\"2 minutes\" \/>\n<script type=\"application\/ld+json\" class=\"yoast-schema-graph\">{\"@context\":\"https:\/\/schema.org\",\"@graph\":[{\"@type\":\"WebPage\",\"@id\":\"https:\/\/chaiwala.pl\/\",\"url\":\"https:\/\/chaiwala.pl\/\",\"name\":\"Chaiwala & Mithaiwala - Street Food & S\u0142odycze Indyjskie\",\"isPartOf\":{\"@id\":\"https:\/\/chaiwala.pl\/#website\"},\"datePublished\":\"2017-10-04T14:07:29+00:00\",\"dateModified\":\"2024-10-15T11:48:52+00:00\",\"description\":\"To pe\u0142ne oryginalno\u015bci i ekscytuj\u0105cych pyszno\u015bci miejsce gdzie spr\u00f3bujesz indyjskich przek\u0105sek street food i indyjskich s\u0142odyczy.\",\"breadcrumb\":{\"@id\":\"https:\/\/chaiwala.pl\/#breadcrumb\"},\"inLanguage\":\"en-US\",\"potentialAction\":[{\"@type\":\"ReadAction\",\"target\":[\"https:\/\/chaiwala.pl\/\"]}]},{\"@type\":\"BreadcrumbList\",\"@id\":\"https:\/\/chaiwala.pl\/#breadcrumb\",\"itemListElement\":[{\"@type\":\"ListItem\",\"position\":1,\"name\":\"Strona g\u0142\u00f3wna\",\"item\":\"https:\/\/chaiwala.pl\/\"},{\"@type\":\"ListItem\",\"position\":2,\"name\":\"Chaiwala\"}]},{\"@type\":\"WebSite\",\"@id\":\"https:\/\/chaiwala.pl\/#website\",\"url\":\"https:\/\/chaiwala.pl\/\",\"name\":\"Chaiwala - Kawiarnia Indyjska w Warszawie\",\"description\":\"\",\"publisher\":{\"@id\":\"https:\/\/chaiwala.pl\/#organization\"},\"potentialAction\":[{\"@type\":\"SearchAction\",\"target\":{\"@type\":\"EntryPoint\",\"urlTemplate\":\"https:\/\/chaiwala.pl\/?s={search_term_string}\"},\"query-input\":{\"@type\":\"PropertyValueSpecification\",\"valueRequired\":true,\"valueName\":\"search_term_string\"}}],\"inLanguage\":\"en-US\"},{\"@type\":\"Organization\",\"@id\":\"https:\/\/chaiwala.pl\/#organization\",\"name\":\"Chaiwala - Kawiarnia Indyjska w Warszawie\",\"url\":\"https:\/\/chaiwala.pl\/\",\"logo\":{\"@type\":\"ImageObject\",\"inLanguage\":\"en-US\",\"@id\":\"https:\/\/chaiwala.pl\/#\/schema\/logo\/image\/\",\"url\":\"https:\/\/chaiwala.pl\/wp-content\/uploads\/2021\/09\/chaiwala.png\",\"contentUrl\":\"https:\/\/chaiwala.pl\/wp-content\/uploads\/2021\/09\/chaiwala.png\",\"width\":900,\"height\":241,\"caption\":\"Chaiwala - Kawiarnia Indyjska w Warszawie\"},\"image\":{\"@id\":\"https:\/\/chaiwala.pl\/#\/schema\/logo\/image\/\"}}]}<\/script>\n<!-- \/ Yoast SEO plugin. -->","yoast_head_json":{"title":"Chaiwala & Mithaiwala - Street Food & S\u0142odycze Indyjskie","description":"To pe\u0142ne oryginalno\u015bci i ekscytuj\u0105cych pyszno\u015bci miejsce gdzie spr\u00f3bujesz indyjskich przek\u0105sek street food i indyjskich s\u0142odyczy.","robots":{"index":"index","follow":"follow","max-snippet":"max-snippet:-1","max-image-preview":"max-image-preview:large","max-video-preview":"max-video-preview:-1"},"canonical":"https:\/\/chaiwala.pl\/en\/","og_locale":"en_US","og_type":"article","og_title":"Chaiwala & Mithaiwala - Street Food & S\u0142odycze Indyjskie","og_description":"To pe\u0142ne oryginalno\u015bci i ekscytuj\u0105cych pyszno\u015bci miejsce gdzie spr\u00f3bujesz indyjskich przek\u0105sek street food i indyjskich s\u0142odyczy.","og_url":"https:\/\/chaiwala.pl\/en\/","og_site_name":"Chaiwala - Kawiarnia Indyjska w Warszawie","article_modified_time":"2024-10-15T11:48:52+00:00","twitter_card":"summary_large_image","twitter_misc":{"Est. reading time":"2 minutes"},"schema":{"@context":"https:\/\/schema.org","@graph":[{"@type":"WebPage","@id":"https:\/\/chaiwala.pl\/","url":"https:\/\/chaiwala.pl\/","name":"Chaiwala & Mithaiwala - Street Food & S\u0142odycze Indyjskie","isPartOf":{"@id":"https:\/\/chaiwala.pl\/#website"},"datePublished":"2017-10-04T14:07:29+00:00","dateModified":"2024-10-15T11:48:52+00:00","description":"To pe\u0142ne oryginalno\u015bci i ekscytuj\u0105cych pyszno\u015bci miejsce gdzie spr\u00f3bujesz indyjskich przek\u0105sek street food i indyjskich s\u0142odyczy.","breadcrumb":{"@id":"https:\/\/chaiwala.pl\/#breadcrumb"},"inLanguage":"en-US","potentialAction":[{"@type":"ReadAction","target":["https:\/\/chaiwala.pl\/"]}]},{"@type":"BreadcrumbList","@id":"https:\/\/chaiwala.pl\/#breadcrumb","itemListElement":[{"@type":"ListItem","position":1,"name":"Strona g\u0142\u00f3wna","item":"https:\/\/chaiwala.pl\/"},{"@type":"ListItem","position":2,"name":"Chaiwala"}]},{"@type":"WebSite","@id":"https:\/\/chaiwala.pl\/#website","url":"https:\/\/chaiwala.pl\/","name":"Chaiwala - Kawiarnia Indyjska w Warszawie","description":"","publisher":{"@id":"https:\/\/chaiwala.pl\/#organization"},"potentialAction":[{"@type":"SearchAction","target":{"@type":"EntryPoint","urlTemplate":"https:\/\/chaiwala.pl\/?s={search_term_string}"},"query-input":{"@type":"PropertyValueSpecification","valueRequired":true,"valueName":"search_term_string"}}],"inLanguage":"en-US"},{"@type":"Organization","@id":"https:\/\/chaiwala.pl\/#organization","name":"Chaiwala - Kawiarnia Indyjska w Warszawie","url":"https:\/\/chaiwala.pl\/","logo":{"@type":"ImageObject","inLanguage":"en-US","@id":"https:\/\/chaiwala.pl\/#\/schema\/logo\/image\/","url":"https:\/\/chaiwala.pl\/wp-content\/uploads\/2021\/09\/chaiwala.png","contentUrl":"https:\/\/chaiwala.pl\/wp-content\/uploads\/2021\/09\/chaiwala.png","width":900,"height":241,"caption":"Chaiwala - Kawiarnia Indyjska w Warszawie"},"image":{"@id":"https:\/\/chaiwala.pl\/#\/schema\/logo\/image\/"}}]}},"_links":{"self":[{"href":"https:\/\/chaiwala.pl\/en\/wp-json\/wp\/v2\/pages\/2","targetHints":{"allow":["GET"]}}],"collection":[{"href":"https:\/\/chaiwala.pl\/en\/wp-json\/wp\/v2\/pages"}],"about":[{"href":"https:\/\/chaiwala.pl\/en\/wp-json\/wp\/v2\/types\/page"}],"author":[{"embeddable":true,"href":"https:\/\/chaiwala.pl\/en\/wp-json\/wp\/v2\/users\/1"}],"replies":[{"embeddable":true,"href":"https:\/\/chaiwala.pl\/en\/wp-json\/wp\/v2\/comments?post=2"}],"version-history":[{"count":2,"href":"https:\/\/chaiwala.pl\/en\/wp-json\/wp\/v2\/pages\/2\/revisions"}],"predecessor-version":[{"id":1512,"href":"https:\/\/chaiwala.pl\/en\/wp-json\/wp\/v2\/pages\/2\/revisions\/1512"}],"wp:attachment":[{"href":"https:\/\/chaiwala.pl\/en\/wp-json\/wp\/v2\/media?parent=2"}],"curies":[{"name":"wp","href":"https:\/\/api.w.org\/{rel}","templated":true}]}}